{"id":25,"date":"2020-10-02T16:08:35","date_gmt":"2020-10-02T16:08:35","guid":{"rendered":"https:\/\/premio.aacsrm.it\/?page_id=25"},"modified":"2025-12-03T16:53:23","modified_gmt":"2025-12-03T16:53:23","slug":"premio-aacs-di-roma","status":"publish","type":"page","link":"https:\/\/premio.aacsrm.it\/","title":{"rendered":"Home"},"content":{"rendered":"<div class=\"flex_column av_two_third  flex_column_div av-zero-column-padding first  avia-builder-el-0  el_before_av_one_third  avia-builder-el-first  \" style='border-radius:0px; '><p><div  style='height:80px' class='hr hr-invisible   avia-builder-el-1  el_before_av_video  avia-builder-el-first '><span class='hr-inner ' ><span class='hr-inner-style'><\/span><\/span><\/div><br \/>\n<div  class='avia-video avia-video-16-9   av-lazyload-immediate  av-lazyload-video-embed  '   itemprop=\"video\" itemtype=\"https:\/\/schema.org\/VideoObject\"  data-original_url='https:\/\/youtu.be\/Sp__U5S5q3g' ><script type='text\/html' class='av-video-tmpl'><div class='avia-iframe-wrap'><iframe loading=\"lazy\" title=\"Premio AACS 2025 - &quot;Donare&quot;\" width=\"1500\" height=\"844\" src=\"https:\/\/www.youtube.com\/embed\/Sp__U5S5q3g?feature=oembed&autoplay=0&loop=0&controls=1&mute=0\" frameborder=\"0\" allow=\"accelerometer; autoplay; clipboard-write; encrypted-media; gyroscope; picture-in-picture; web-share\" referrerpolicy=\"strict-origin-when-cross-origin\" allowfullscreen><\/iframe><\/div><\/script><div class='av-click-to-play-overlay'><div class=\"avia_playpause_icon\"><\/div><\/div><\/div><\/p><\/div>\n<div class=\"flex_column av_one_third  flex_column_div av-zero-column-padding   avia-builder-el-3  el_after_av_two_third  el_before_av_masonry_entries  avia-builder-el-last  \" style='border-radius:0px; '><p><div  style='height:80px' class='hr hr-invisible   avia-builder-el-4  el_before_av_blog  avia-builder-el-first '><span class='hr-inner ' ><span class='hr-inner-style'><\/span><\/span><\/div><br \/>\n<div  class='av-alb-blogposts template-blog  av-blog-meta-author-disabled av-blog-meta-comments-disabled av-blog-meta-category-disabled av-blog-meta-date-disabled av-blog-meta-html-info-disabled av-blog-meta-tag-disabled '  itemscope=\"itemscope\" itemtype=\"https:\/\/schema.org\/Blog\" ><article class='post-entry post-entry-type-standard post-entry-809 post-loop-1 post-parity-odd post-entry-last bloglist-excerpt with-slider post-809 post type-post status-publish format-standard has-post-thumbnail hentry category-premio2025'  itemscope=\"itemscope\" itemtype=\"https:\/\/schema.org\/BlogPosting\" ><div class='blog-meta'><\/div><div class='entry-content-wrapper clearfix standard-content'><header class=\"entry-content-header\"><h2 class='post-title entry-title '  itemprop=\"headline\" >\t<a href='https:\/\/premio.aacsrm.it\/?p=809' rel='bookmark' title='Link Permanente: Premio AACS 2025'>Premio AACS 2025\t\t\t<span class='post-format-icon minor-meta'><\/span>\t<\/a><\/h2><\/header><span class='post-meta-infos'><time class='date-container minor-meta updated' >Dicembre 3, 2025<\/time><span class='text-sep text-sep-date'>\/<\/span><span class=\"blog-author minor-meta\">da <span class=\"entry-author-link\"  itemprop=\"author\" ><span class=\"author\"><span class=\"fn\"><a href=\"https:\/\/premio.aacsrm.it\/?author=1\" title=\"Articoli scritti da admin\" rel=\"author\">admin<\/a><\/span><\/span><\/span><\/span><\/span><h5><strong><span id=\"title\">Premio Aacs di Roma 2025<\/span><\/strong><\/h5>\n<p style=\"font-weight: 400;\">Si \u00e8 tenuto Gioved\u00ec 27 novembre, alle ore 16.30 presso la Sala Spadolini Ministero della Cultura in via del Collegio Romano 27, il Premio AACS di Roma giunto alla ventisettesima edizione.<\/p><div class=\"read-more-link\"><a href=\"https:\/\/premio.aacsrm.it\/?p=809\" class=\"more-link\">Continua a leggere<span class=\"more-link-arrow\"><\/span><\/a><\/div><footer class=\"entry-footer\"><\/footer><div class='post_delimiter'><\/div><\/div><div class='post_author_timeline'><\/div><span class='hidden'>\n\t\t\t\t<span class='av-structured-data'  itemprop=\"image\" itemscope=\"itemscope\" itemtype=\"https:\/\/schema.org\/ImageObject\" >\n\t\t\t\t\t\t<span itemprop='url'>https:\/\/premio.aacsrm.it\/wp-content\/uploads\/2024\/12\/IMG_2236.jpg<\/span>\n\t\t\t\t\t\t<span itemprop='height'>2001<\/span>\n\t\t\t\t\t\t<span itemprop='width'>1417<\/span>\n\t\t\t\t<\/span>\n\t\t\t\t<span class='av-structured-data'  itemprop=\"publisher\" itemtype=\"https:\/\/schema.org\/Organization\" itemscope=\"itemscope\" >\n\t\t\t\t\t\t<span itemprop='name'>admin<\/span>\n\t\t\t\t\t\t<span itemprop='logo' itemscope itemtype='https:\/\/schema.org\/ImageObject'>\n\t\t\t\t\t\t\t<span itemprop='url'>https:\/\/premio.aacsrm.it\/wp-content\/uploads\/2020\/10\/Logo-OK-AACS.jpg<\/span>\n\t\t\t\t\t\t <\/span>\n\t\t\t\t<\/span><span class='av-structured-data'  itemprop=\"author\" itemscope=\"itemscope\" itemtype=\"https:\/\/schema.org\/Person\" ><span itemprop='name'>admin<\/span><\/span><span class='av-structured-data'  itemprop=\"datePublished\" datetime=\"2025-12-03T16:29:59+00:00\" >2025-12-03 16:29:59<\/span><span class='av-structured-data'  itemprop=\"dateModified\" itemtype=\"https:\/\/schema.org\/dateModified\" >2026-02-16 17:02:18<\/span><span class='av-structured-data'  itemprop=\"mainEntityOfPage\" itemtype=\"https:\/\/schema.org\/mainEntityOfPage\" ><span itemprop='name'>Premio AACS 2025<\/span><\/span><\/span><\/article><\/div><\/p><\/div>\n<div id='av-masonry-1' class='av-masonry  noHover av-fixed-size av-large-gap av-hover-overlay-active av-masonry-animation-active av-masonry-col-4 av-caption-on-hover-hide av-caption-style-overlay    '  ><div class='av-masonry-container isotope av-js-disabled ' ><div class='av-masonry-entry isotope-item av-masonry-item-no-image '><\/div><a href=\"https:\/\/premio.aacsrm.it\/?p=763\" id='av-masonry-1-item-763' data-av-masonry-item='763' class='av-masonry-entry isotope-item post-763 post type-post status-publish format-standard has-post-thumbnail hentry category-premio2024  av-masonry-item-with-image av-grid-img' title=\"IMG_2236\"  itemscope=\"itemscope\" itemtype=\"https:\/\/schema.org\/BlogPosting\" itemprop=\"blogPost\" ><div class='av-inner-masonry-sizer'><\/div><figure class='av-inner-masonry main_color'><div class=\"av-masonry-outerimage-container\"><div class=\"av-masonry-image-container\" style=\"background-image: url(https:\/\/premio.aacsrm.it\/wp-content\/uploads\/2024\/12\/IMG_2236-499x705.jpg);\" title=\"IMG_2236\" ><\/div><\/div><figcaption class='av-inner-masonry-content site-background'><div class='av-inner-masonry-content-pos'><div class='av-inner-masonry-content-pos-content'><div class='avia-arrow'><\/div><h3 class='av-masonry-entry-title entry-title '  itemprop=\"headline\" >Premio AACS 2024<\/h3><span class='av-masonry-date meta-color updated'>Dicembre 21, 2024<\/span><span class=\"av-masonry-text-sep text-sep-author\">\/<\/span><span class='av-masonry-author meta-color author'><span class='fn'>da admin<\/span><\/span><\/div><\/div><\/figcaption><\/figure><\/a><!--end av-masonry entry--><a href=\"https:\/\/premio.aacsrm.it\/?p=736\" id='av-masonry-1-item-736' data-av-masonry-item='736' class='av-masonry-entry isotope-item post-736 post type-post status-publish format-standard has-post-thumbnail hentry category-premio2023  av-masonry-item-with-image av-grid-img' title=\"Locandina IMG_1853\"  itemscope=\"itemscope\" itemtype=\"https:\/\/schema.org\/BlogPosting\" itemprop=\"blogPost\" ><div class='av-inner-masonry-sizer'><\/div><figure class='av-inner-masonry main_color'><div class=\"av-masonry-outerimage-container\"><div class=\"av-masonry-image-container\" style=\"background-image: url(https:\/\/premio.aacsrm.it\/wp-content\/uploads\/2024\/01\/Locandina-IMG_1853-529x705.jpg);\" title=\"Locandina IMG_1853\" ><\/div><\/div><figcaption class='av-inner-masonry-content site-background'><div class='av-inner-masonry-content-pos'><div class='av-inner-masonry-content-pos-content'><div class='avia-arrow'><\/div><h3 class='av-masonry-entry-title entry-title '  itemprop=\"headline\" >Premio AACS 2023<\/h3><span class='av-masonry-date meta-color updated'>Gennaio 18, 2024<\/span><span class=\"av-masonry-text-sep text-sep-author\">\/<\/span><span class='av-masonry-author meta-color author'><span class='fn'>da admin<\/span><\/span><\/div><\/div><\/figcaption><\/figure><\/a><!--end av-masonry entry--><a href=\"https:\/\/premio.aacsrm.it\/?p=675\" id='av-masonry-1-item-675' data-av-masonry-item='675' class='av-masonry-entry isotope-item post-675 post type-post status-publish format-standard has-post-thumbnail hentry category-26  av-masonry-item-with-image av-grid-img' title=\"IMG_1543\"  itemscope=\"itemscope\" itemtype=\"https:\/\/schema.org\/BlogPosting\" itemprop=\"blogPost\" ><div class='av-inner-masonry-sizer'><\/div><figure class='av-inner-masonry main_color'><div class=\"av-masonry-outerimage-container\"><div class=\"av-masonry-image-container\" style=\"background-image: url(https:\/\/premio.aacsrm.it\/wp-content\/uploads\/2022\/12\/IMG_1543-705x457.jpg);\" title=\"IMG_1543\" ><\/div><\/div><figcaption class='av-inner-masonry-content site-background'><div class='av-inner-masonry-content-pos'><div class='av-inner-masonry-content-pos-content'><div class='avia-arrow'><\/div><h3 class='av-masonry-entry-title entry-title '  itemprop=\"headline\" >Premio AACS 2022<\/h3><span class='av-masonry-date meta-color updated'>Dicembre 23, 2022<\/span><span class=\"av-masonry-text-sep text-sep-author\">\/<\/span><span class='av-masonry-author meta-color author'><span class='fn'>da admin<\/span><\/span><\/div><\/div><\/figcaption><\/figure><\/a><!--end av-masonry entry--><a href=\"https:\/\/premio.aacsrm.it\/?p=637\" id='av-masonry-1-item-637' data-av-masonry-item='637' class='av-masonry-entry isotope-item post-637 post type-post status-publish format-standard has-post-thumbnail hentry category-premio2021  av-masonry-item-with-image av-grid-img' title=\"IMG_1213\"  itemscope=\"itemscope\" itemtype=\"https:\/\/schema.org\/BlogPosting\" itemprop=\"blogPost\" ><div class='av-inner-masonry-sizer'><\/div><figure class='av-inner-masonry main_color'><div class=\"av-masonry-outerimage-container\"><div class=\"av-masonry-image-container\" style=\"background-image: url(https:\/\/premio.aacsrm.it\/wp-content\/uploads\/2021\/12\/IMG_1213-705x529.jpg);\" title=\"IMG_1213\" ><\/div><\/div><figcaption class='av-inner-masonry-content site-background'><div class='av-inner-masonry-content-pos'><div class='av-inner-masonry-content-pos-content'><div class='avia-arrow'><\/div><h3 class='av-masonry-entry-title entry-title '  itemprop=\"headline\" >Premio AACS 2021<\/h3><span class='av-masonry-date meta-color updated'>Dicembre 15, 2021<\/span><span class=\"av-masonry-text-sep text-sep-author\">\/<\/span><span class='av-masonry-author meta-color author'><span class='fn'>da admin<\/span><\/span><\/div><\/div><\/figcaption><\/figure><\/a><!--end av-masonry entry--><\/div><\/div>\n","protected":false},"excerpt":{"rendered":"<h5><strong><span id=\"title\">Premio Aacs di Roma 2025<\/span><\/strong><\/h5>\n<p style=\"font-weight: 400;\">Si \u00e8 tenuto Gioved\u00ec 27 novembre, alle ore 16.30 presso la Sala Spadolini Ministero della Cultura in via del Collegio Romano 27, il Premio AACS di Roma giunto alla ventisettesima edizione.&hellip;<\/p>","protected":false},"author":1,"featured_media":0,"parent":0,"menu_order":0,"comment_status":"closed","ping_status":"closed","template":"","meta":{"footnotes":""},"class_list":["post-25","page","type-page","status-publish","hentry"],"yoast_head":"<!-- This site is optimized with the Yoast SEO plugin v26.8 - https:\/\/yoast.com\/product\/yoast-seo-wordpress\/ -->\n<title>Home - Premio AACS di Roma<\/title>\n<meta name=\"description\" content=\"E&#039; un concreto riconoscimento a chi \u2013 persone e Istituzioni- nel segno della legalit\u00e0 e della trasparenza contribuisce, con azioni grandi e piccole, quotidiane e di pi\u00f9 ampio respiro, coraggiose e generose, alla diffusione di valori cardine per la societ\u00e0 civile di oggi e domani, in ogni campo, comprese l\u2019informazione e l\u2019aiuto ai deboli.\" \/>\n<meta name=\"robots\" content=\"index, follow, max-snippet:-1, max-image-preview:large, max-video-preview:-1\" \/>\n<link rel=\"canonical\" href=\"https:\/\/premio.aacsrm.it\/\" \/>\n<meta property=\"og:locale\" content=\"it_IT\" \/>\n<meta property=\"og:type\" content=\"article\" \/>\n<meta property=\"og:title\" content=\"Home - Premio AACS di Roma\" \/>\n<meta property=\"og:description\" content=\"E&#039; un concreto riconoscimento a chi \u2013 persone e Istituzioni- nel segno della legalit\u00e0 e della trasparenza contribuisce, con azioni grandi e piccole, quotidiane e di pi\u00f9 ampio respiro, coraggiose e generose, alla diffusione di valori cardine per la societ\u00e0 civile di oggi e domani, in ogni campo, comprese l\u2019informazione e l\u2019aiuto ai deboli.\" \/>\n<meta property=\"og:url\" content=\"https:\/\/premio.aacsrm.it\/\" \/>\n<meta property=\"og:site_name\" content=\"Premio AACS di Roma\" \/>\n<meta property=\"article:modified_time\" content=\"2025-12-03T16:53:23+00:00\" \/>\n<meta name=\"twitter:card\" content=\"summary_large_image\" \/>\n<meta name=\"twitter:label1\" content=\"Tempo di lettura stimato\" \/>\n\t<meta name=\"twitter:data1\" content=\"1 minuto\" \/>\n<script type=\"application\/ld+json\" class=\"yoast-schema-graph\">{\"@context\":\"https:\/\/schema.org\",\"@graph\":[{\"@type\":\"WebPage\",\"@id\":\"https:\/\/premio.aacsrm.it\/\",\"url\":\"https:\/\/premio.aacsrm.it\/\",\"name\":\"Home - Premio AACS di Roma\",\"isPartOf\":{\"@id\":\"https:\/\/premio.aacsrm.it\/#website\"},\"datePublished\":\"2020-10-02T16:08:35+00:00\",\"dateModified\":\"2025-12-03T16:53:23+00:00\",\"description\":\"E' un concreto riconoscimento a chi \u2013 persone e Istituzioni- nel segno della legalit\u00e0 e della trasparenza contribuisce, con azioni grandi e piccole, quotidiane e di pi\u00f9 ampio respiro, coraggiose e generose, alla diffusione di valori cardine per la societ\u00e0 civile di oggi e domani, in ogni campo, comprese l\u2019informazione e l\u2019aiuto ai deboli.\",\"breadcrumb\":{\"@id\":\"https:\/\/premio.aacsrm.it\/#breadcrumb\"},\"inLanguage\":\"it-IT\",\"potentialAction\":[{\"@type\":\"ReadAction\",\"target\":[\"https:\/\/premio.aacsrm.it\/\"]}]},{\"@type\":\"BreadcrumbList\",\"@id\":\"https:\/\/premio.aacsrm.it\/#breadcrumb\",\"itemListElement\":[{\"@type\":\"ListItem\",\"position\":1,\"name\":\"Home\",\"item\":\"https:\/\/premio.aacsrm.it\/\"},{\"@type\":\"ListItem\",\"position\":2,\"name\":\"Home\"}]},{\"@type\":\"WebSite\",\"@id\":\"https:\/\/premio.aacsrm.it\/#website\",\"url\":\"https:\/\/premio.aacsrm.it\/\",\"name\":\"Premio AACS di Roma\",\"description\":\"\",\"potentialAction\":[{\"@type\":\"SearchAction\",\"target\":{\"@type\":\"EntryPoint\",\"urlTemplate\":\"https:\/\/premio.aacsrm.it\/?s={search_term_string}\"},\"query-input\":{\"@type\":\"PropertyValueSpecification\",\"valueRequired\":true,\"valueName\":\"search_term_string\"}}],\"inLanguage\":\"it-IT\"}]}<\/script>\n<!-- \/ Yoast SEO plugin. -->","yoast_head_json":{"title":"Home - Premio AACS di Roma","description":"E' un concreto riconoscimento a chi \u2013 persone e Istituzioni- nel segno della legalit\u00e0 e della trasparenza contribuisce, con azioni grandi e piccole, quotidiane e di pi\u00f9 ampio respiro, coraggiose e generose, alla diffusione di valori cardine per la societ\u00e0 civile di oggi e domani, in ogni campo, comprese l\u2019informazione e l\u2019aiuto ai deboli.","robots":{"index":"index","follow":"follow","max-snippet":"max-snippet:-1","max-image-preview":"max-image-preview:large","max-video-preview":"max-video-preview:-1"},"canonical":"https:\/\/premio.aacsrm.it\/","og_locale":"it_IT","og_type":"article","og_title":"Home - Premio AACS di Roma","og_description":"E' un concreto riconoscimento a chi \u2013 persone e Istituzioni- nel segno della legalit\u00e0 e della trasparenza contribuisce, con azioni grandi e piccole, quotidiane e di pi\u00f9 ampio respiro, coraggiose e generose, alla diffusione di valori cardine per la societ\u00e0 civile di oggi e domani, in ogni campo, comprese l\u2019informazione e l\u2019aiuto ai deboli.","og_url":"https:\/\/premio.aacsrm.it\/","og_site_name":"Premio AACS di Roma","article_modified_time":"2025-12-03T16:53:23+00:00","twitter_card":"summary_large_image","twitter_misc":{"Tempo di lettura stimato":"1 minuto"},"schema":{"@context":"https:\/\/schema.org","@graph":[{"@type":"WebPage","@id":"https:\/\/premio.aacsrm.it\/","url":"https:\/\/premio.aacsrm.it\/","name":"Home - Premio AACS di Roma","isPartOf":{"@id":"https:\/\/premio.aacsrm.it\/#website"},"datePublished":"2020-10-02T16:08:35+00:00","dateModified":"2025-12-03T16:53:23+00:00","description":"E' un concreto riconoscimento a chi \u2013 persone e Istituzioni- nel segno della legalit\u00e0 e della trasparenza contribuisce, con azioni grandi e piccole, quotidiane e di pi\u00f9 ampio respiro, coraggiose e generose, alla diffusione di valori cardine per la societ\u00e0 civile di oggi e domani, in ogni campo, comprese l\u2019informazione e l\u2019aiuto ai deboli.","breadcrumb":{"@id":"https:\/\/premio.aacsrm.it\/#breadcrumb"},"inLanguage":"it-IT","potentialAction":[{"@type":"ReadAction","target":["https:\/\/premio.aacsrm.it\/"]}]},{"@type":"BreadcrumbList","@id":"https:\/\/premio.aacsrm.it\/#breadcrumb","itemListElement":[{"@type":"ListItem","position":1,"name":"Home","item":"https:\/\/premio.aacsrm.it\/"},{"@type":"ListItem","position":2,"name":"Home"}]},{"@type":"WebSite","@id":"https:\/\/premio.aacsrm.it\/#website","url":"https:\/\/premio.aacsrm.it\/","name":"Premio AACS di Roma","description":"","potentialAction":[{"@type":"SearchAction","target":{"@type":"EntryPoint","urlTemplate":"https:\/\/premio.aacsrm.it\/?s={search_term_string}"},"query-input":{"@type":"PropertyValueSpecification","valueRequired":true,"valueName":"search_term_string"}}],"inLanguage":"it-IT"}]}},"_links":{"self":[{"href":"https:\/\/premio.aacsrm.it\/index.php?rest_route=\/wp\/v2\/pages\/25","targetHints":{"allow":["GET"]}}],"collection":[{"href":"https:\/\/premio.aacsrm.it\/index.php?rest_route=\/wp\/v2\/pages"}],"about":[{"href":"https:\/\/premio.aacsrm.it\/index.php?rest_route=\/wp\/v2\/types\/page"}],"author":[{"embeddable":true,"href":"https:\/\/premio.aacsrm.it\/index.php?rest_route=\/wp\/v2\/users\/1"}],"replies":[{"embeddable":true,"href":"https:\/\/premio.aacsrm.it\/index.php?rest_route=%2Fwp%2Fv2%2Fcomments&post=25"}],"version-history":[{"count":52,"href":"https:\/\/premio.aacsrm.it\/index.php?rest_route=\/wp\/v2\/pages\/25\/revisions"}],"predecessor-version":[{"id":837,"href":"https:\/\/premio.aacsrm.it\/index.php?rest_route=\/wp\/v2\/pages\/25\/revisions\/837"}],"wp:attachment":[{"href":"https:\/\/premio.aacsrm.it\/index.php?rest_route=%2Fwp%2Fv2%2Fmedia&parent=25"}],"curies":[{"name":"wp","href":"https:\/\/api.w.org\/{rel}","templated":true}]}}